{"id":349,"date":"2025-01-08T16:39:32","date_gmt":"2025-01-08T15:39:32","guid":{"rendered":"https:\/\/wigstore-nzk.com\/?post_type=product&#038;p=349"},"modified":"2025-10-25T13:36:39","modified_gmt":"2025-10-25T11:36:39","slug":"stojak-na-peruki-skladany","status":"publish","type":"product","link":"https:\/\/wigstore-nzk.com\/en\/product\/stojak-na-peruki-skladany\/","title":{"rendered":"Stojak na peruki sk\u0142adany nr SNPER. 18A"},"content":{"rendered":"<h3><strong>Rozk\u0142adany stojak na peruki \u2013 praktyczny i wygodny<\/strong><\/h3>\n<p>Idealne rozwi\u0105zanie do przechowywania i piel\u0119gnacji Twoich peruk, topper\u00f3w lub tupet\u00f3w! Ten lekki stojak wykonany z trwa\u0142ego tworzywa sztucznego zapewnia optymalne warunki do suszenia i przechowywania, zapobiegaj\u0105c deformacji w\u0142\u00f3kien.<\/p>\n<p><strong>Najwa\u017cniejsze zalety:<\/strong><\/p>\n<p><strong>\u2705 Funkcjonalno\u015b\u0107:<\/strong> Doskona\u0142y do przechowywania i suszenia peruk oraz topper\u00f3w.<\/p>\n<p><strong>\u2705 Ochrona kszta\u0142tu:<\/strong> Pomaga zachowa\u0107 naturaln\u0105 form\u0119 i wygl\u0105d Twoich akcesori\u00f3w.<\/p>\n<p><strong>\u2705 Kompaktowo\u015b\u0107:<\/strong> Dzi\u0119ki rozk\u0142adanej konstrukcji \u0142atwo zmie\u015bci si\u0119 w torbie podr\u0119cznej lub walizce \u2013 idealny w podr\u00f3\u017cy!<\/p>\n<p><strong>\u2705 Wytrzyma\u0142o\u015b\u0107:<\/strong> Wykonany z tworzywa sztucznego, kt\u00f3re zapewnia trwa\u0142o\u015b\u0107 i stabilno\u015b\u0107.<\/p>\n<p>&nbsp;<\/p>\n<p><strong>Parametry:<\/strong><\/p>\n<p>Stojak sk\u0142ada si\u0119 z 3 cz\u0119\u015bci.<\/p>\n<p>Do samodzielnego monta\u017cu.<\/p>\n<p>Wymiary: 16,5cm x 36cm<\/p>\n<p>Kolor: czarny<\/p>\n<p>&nbsp;<\/p>\n<p>&nbsp;<\/p>\n<p>&nbsp;<\/p>","protected":false},"excerpt":{"rendered":"<p>Idealne rozwi\u0105zanie do przechowywania i piel\u0119gnacji Twoich peruk, topper\u00f3w lub tupet\u00f3w! Ten lekki stojak wykonany z trwa\u0142ego tworzywa sztucznego zapewnia optymalne warunki do suszenia i przechowywania, zapobiegaj\u0105c deformacji w\u0142\u00f3kien.<\/p>","protected":false},"featured_media":325,"template":"","meta":[],"product_brand":[],"product_cat":[28,35],"product_tag":[288,325],"class_list":{"0":"post-349","1":"product","2":"type-product","3":"status-publish","4":"has-post-thumbnail","6":"product_cat-akcesoria","7":"product_cat-glowki-i-uchwyty-na-peruke","8":"product_tag-akcesoria-do-peruk","9":"product_tag-stojak-na-peruke","11":"first","12":"outofstock","13":"taxable","14":"shipping-taxable","15":"purchasable","16":"product-type-simple"},"yoast_head":"<!-- This site is optimized with the Yoast SEO Premium plugin v24.5 (Yoast SEO v27.5) - https:\/\/yoast.com\/product\/yoast-seo-premium-wordpress\/ -->\n<title>Stojak na peruki sk\u0142adany nr SNPER. 18A - NZK-Wigstore<\/title>\n<meta name=\"description\" content=\"Idealne rozwi\u0105zanie do przechowywania i piel\u0119gnacji Twoich peruk, topper\u00f3w lub tupet\u00f3w! Ten lekki stojak wykonany z trwa\u0142ego tworzywa sztucznego zapewnia optymalne warunki do suszenia i przechowywania, zapobiegaj\u0105c deformacji w\u0142\u00f3kien.\" \/>\n<meta name=\"robots\" content=\"index, follow, max-snippet:-1, max-image-preview:large, max-video-preview:-1\" \/>\n<link rel=\"canonical\" href=\"https:\/\/wigstore-nzk.com\/en\/product\/stojak-na-peruki-skladany\/\" \/>\n<meta property=\"og:locale\" content=\"en_US\" \/>\n<meta property=\"og:type\" content=\"article\" \/>\n<meta property=\"og:title\" content=\"Stojak na peruki sk\u0142adany nr SNPER. 18A\" \/>\n<meta property=\"og:description\" content=\"Idealne rozwi\u0105zanie do przechowywania i piel\u0119gnacji Twoich peruk, topper\u00f3w lub tupet\u00f3w! Ten lekki stojak wykonany z trwa\u0142ego tworzywa sztucznego zapewnia optymalne warunki do suszenia i przechowywania, zapobiegaj\u0105c deformacji w\u0142\u00f3kien.\" \/>\n<meta property=\"og:url\" content=\"https:\/\/wigstore-nzk.com\/en\/product\/stojak-na-peruki-skladany\/\" \/>\n<meta property=\"og:site_name\" content=\"NZK-Wigstore\" \/>\n<meta property=\"article:modified_time\" content=\"2025-10-25T11:36:39+00:00\" \/>\n<meta property=\"og:image\" content=\"https:\/\/wigstore-nzk.com\/wp-content\/uploads\/2025\/01\/stojak-na-peruke-peruki-manekin-skladany-statyw-2-jpg.webp\" \/>\n\t<meta property=\"og:image:width\" content=\"1000\" \/>\n\t<meta property=\"og:image:height\" content=\"1000\" \/>\n\t<meta property=\"og:image:type\" content=\"image\/webp\" \/>\n<meta name=\"twitter:card\" content=\"summary_large_image\" \/>\n<meta name=\"twitter:label1\" content=\"Est. reading time\" \/>\n\t<meta name=\"twitter:data1\" content=\"1 minute\" \/>\n<script type=\"application\/ld+json\" class=\"yoast-schema-graph\">{\"@context\":\"https:\\\/\\\/schema.org\",\"@graph\":[{\"@type\":\"WebPage\",\"@id\":\"https:\\\/\\\/wigstore-nzk.com\\\/produkt\\\/stojak-na-peruki-skladany\\\/\",\"url\":\"https:\\\/\\\/wigstore-nzk.com\\\/produkt\\\/stojak-na-peruki-skladany\\\/\",\"name\":\"Stojak na peruki sk\u0142adany nr SNPER. 18A - NZK-Wigstore\",\"isPartOf\":{\"@id\":\"https:\\\/\\\/wigstore-nzk.com\\\/#website\"},\"primaryImageOfPage\":{\"@id\":\"https:\\\/\\\/wigstore-nzk.com\\\/produkt\\\/stojak-na-peruki-skladany\\\/#primaryimage\"},\"image\":{\"@id\":\"https:\\\/\\\/wigstore-nzk.com\\\/produkt\\\/stojak-na-peruki-skladany\\\/#primaryimage\"},\"thumbnailUrl\":\"https:\\\/\\\/wigstore-nzk.com\\\/wp-content\\\/uploads\\\/2025\\\/01\\\/stojak-na-peruke-peruki-manekin-skladany-statyw-2-jpg.webp\",\"datePublished\":\"2025-01-08T15:39:32+00:00\",\"dateModified\":\"2025-10-25T11:36:39+00:00\",\"description\":\"Idealne rozwi\u0105zanie do przechowywania i piel\u0119gnacji Twoich peruk, topper\u00f3w lub tupet\u00f3w! Ten lekki stojak wykonany z trwa\u0142ego tworzywa sztucznego zapewnia optymalne warunki do suszenia i przechowywania, zapobiegaj\u0105c deformacji w\u0142\u00f3kien.\",\"breadcrumb\":{\"@id\":\"https:\\\/\\\/wigstore-nzk.com\\\/produkt\\\/stojak-na-peruki-skladany\\\/#breadcrumb\"},\"inLanguage\":\"en-US\",\"potentialAction\":[{\"@type\":\"ReadAction\",\"target\":[\"https:\\\/\\\/wigstore-nzk.com\\\/produkt\\\/stojak-na-peruki-skladany\\\/\"]}]},{\"@type\":\"ImageObject\",\"inLanguage\":\"en-US\",\"@id\":\"https:\\\/\\\/wigstore-nzk.com\\\/produkt\\\/stojak-na-peruki-skladany\\\/#primaryimage\",\"url\":\"https:\\\/\\\/wigstore-nzk.com\\\/wp-content\\\/uploads\\\/2025\\\/01\\\/stojak-na-peruke-peruki-manekin-skladany-statyw-2-jpg.webp\",\"contentUrl\":\"https:\\\/\\\/wigstore-nzk.com\\\/wp-content\\\/uploads\\\/2025\\\/01\\\/stojak-na-peruke-peruki-manekin-skladany-statyw-2-jpg.webp\",\"width\":1000,\"height\":1000},{\"@type\":\"BreadcrumbList\",\"@id\":\"https:\\\/\\\/wigstore-nzk.com\\\/produkt\\\/stojak-na-peruki-skladany\\\/#breadcrumb\",\"itemListElement\":[{\"@type\":\"ListItem\",\"position\":1,\"name\":\"Strona g\u0142\u00f3wna\",\"item\":\"https:\\\/\\\/wigstore-nzk.com\\\/\"},{\"@type\":\"ListItem\",\"position\":2,\"name\":\"Sklep\",\"item\":\"https:\\\/\\\/wigstore-nzk.com\\\/sklep\\\/\"},{\"@type\":\"ListItem\",\"position\":3,\"name\":\"Stojak na peruki sk\u0142adany nr SNPER. 18A\"}]},{\"@type\":\"WebSite\",\"@id\":\"https:\\\/\\\/wigstore-nzk.com\\\/#website\",\"url\":\"https:\\\/\\\/wigstore-nzk.com\\\/\",\"name\":\"NZK-Wigstore\",\"description\":\"\",\"potentialAction\":[{\"@type\":\"SearchAction\",\"target\":{\"@type\":\"EntryPoint\",\"urlTemplate\":\"https:\\\/\\\/wigstore-nzk.com\\\/?s={search_term_string}\"},\"query-input\":{\"@type\":\"PropertyValueSpecification\",\"valueRequired\":true,\"valueName\":\"search_term_string\"}}],\"inLanguage\":\"en-US\"}]}<\/script>\n<!-- \/ Yoast SEO Premium plugin. -->","yoast_head_json":{"title":"Stojak na peruki sk\u0142adany nr SNPER. 18A - NZK-Wigstore","description":"Idealne rozwi\u0105zanie do przechowywania i piel\u0119gnacji Twoich peruk, topper\u00f3w lub tupet\u00f3w! Ten lekki stojak wykonany z trwa\u0142ego tworzywa sztucznego zapewnia optymalne warunki do suszenia i przechowywania, zapobiegaj\u0105c deformacji w\u0142\u00f3kien.","robots":{"index":"index","follow":"follow","max-snippet":"max-snippet:-1","max-image-preview":"max-image-preview:large","max-video-preview":"max-video-preview:-1"},"canonical":"https:\/\/wigstore-nzk.com\/en\/product\/stojak-na-peruki-skladany\/","og_locale":"en_US","og_type":"article","og_title":"Stojak na peruki sk\u0142adany nr SNPER. 18A","og_description":"Idealne rozwi\u0105zanie do przechowywania i piel\u0119gnacji Twoich peruk, topper\u00f3w lub tupet\u00f3w! Ten lekki stojak wykonany z trwa\u0142ego tworzywa sztucznego zapewnia optymalne warunki do suszenia i przechowywania, zapobiegaj\u0105c deformacji w\u0142\u00f3kien.","og_url":"https:\/\/wigstore-nzk.com\/en\/product\/stojak-na-peruki-skladany\/","og_site_name":"NZK-Wigstore","article_modified_time":"2025-10-25T11:36:39+00:00","og_image":[{"width":1000,"height":1000,"url":"https:\/\/wigstore-nzk.com\/wp-content\/uploads\/2025\/01\/stojak-na-peruke-peruki-manekin-skladany-statyw-2-jpg.webp","type":"image\/webp"}],"twitter_card":"summary_large_image","twitter_misc":{"Est. reading time":"1 minute"},"schema":{"@context":"https:\/\/schema.org","@graph":[{"@type":"WebPage","@id":"https:\/\/wigstore-nzk.com\/produkt\/stojak-na-peruki-skladany\/","url":"https:\/\/wigstore-nzk.com\/produkt\/stojak-na-peruki-skladany\/","name":"Stojak na peruki sk\u0142adany nr SNPER. 18A - NZK-Wigstore","isPartOf":{"@id":"https:\/\/wigstore-nzk.com\/#website"},"primaryImageOfPage":{"@id":"https:\/\/wigstore-nzk.com\/produkt\/stojak-na-peruki-skladany\/#primaryimage"},"image":{"@id":"https:\/\/wigstore-nzk.com\/produkt\/stojak-na-peruki-skladany\/#primaryimage"},"thumbnailUrl":"https:\/\/wigstore-nzk.com\/wp-content\/uploads\/2025\/01\/stojak-na-peruke-peruki-manekin-skladany-statyw-2-jpg.webp","datePublished":"2025-01-08T15:39:32+00:00","dateModified":"2025-10-25T11:36:39+00:00","description":"Idealne rozwi\u0105zanie do przechowywania i piel\u0119gnacji Twoich peruk, topper\u00f3w lub tupet\u00f3w! Ten lekki stojak wykonany z trwa\u0142ego tworzywa sztucznego zapewnia optymalne warunki do suszenia i przechowywania, zapobiegaj\u0105c deformacji w\u0142\u00f3kien.","breadcrumb":{"@id":"https:\/\/wigstore-nzk.com\/produkt\/stojak-na-peruki-skladany\/#breadcrumb"},"inLanguage":"en-US","potentialAction":[{"@type":"ReadAction","target":["https:\/\/wigstore-nzk.com\/produkt\/stojak-na-peruki-skladany\/"]}]},{"@type":"ImageObject","inLanguage":"en-US","@id":"https:\/\/wigstore-nzk.com\/produkt\/stojak-na-peruki-skladany\/#primaryimage","url":"https:\/\/wigstore-nzk.com\/wp-content\/uploads\/2025\/01\/stojak-na-peruke-peruki-manekin-skladany-statyw-2-jpg.webp","contentUrl":"https:\/\/wigstore-nzk.com\/wp-content\/uploads\/2025\/01\/stojak-na-peruke-peruki-manekin-skladany-statyw-2-jpg.webp","width":1000,"height":1000},{"@type":"BreadcrumbList","@id":"https:\/\/wigstore-nzk.com\/produkt\/stojak-na-peruki-skladany\/#breadcrumb","itemListElement":[{"@type":"ListItem","position":1,"name":"Strona g\u0142\u00f3wna","item":"https:\/\/wigstore-nzk.com\/"},{"@type":"ListItem","position":2,"name":"Sklep","item":"https:\/\/wigstore-nzk.com\/sklep\/"},{"@type":"ListItem","position":3,"name":"Stojak na peruki sk\u0142adany nr SNPER. 18A"}]},{"@type":"WebSite","@id":"https:\/\/wigstore-nzk.com\/#website","url":"https:\/\/wigstore-nzk.com\/","name":"NZK-Wigstore","description":"","potentialAction":[{"@type":"SearchAction","target":{"@type":"EntryPoint","urlTemplate":"https:\/\/wigstore-nzk.com\/?s={search_term_string}"},"query-input":{"@type":"PropertyValueSpecification","valueRequired":true,"valueName":"search_term_string"}}],"inLanguage":"en-US"}]}},"_links":{"self":[{"href":"https:\/\/wigstore-nzk.com\/en\/wp-json\/wp\/v2\/product\/349","targetHints":{"allow":["GET"]}}],"collection":[{"href":"https:\/\/wigstore-nzk.com\/en\/wp-json\/wp\/v2\/product"}],"about":[{"href":"https:\/\/wigstore-nzk.com\/en\/wp-json\/wp\/v2\/types\/product"}],"version-history":[{"count":6,"href":"https:\/\/wigstore-nzk.com\/en\/wp-json\/wp\/v2\/product\/349\/revisions"}],"predecessor-version":[{"id":2940,"href":"https:\/\/wigstore-nzk.com\/en\/wp-json\/wp\/v2\/product\/349\/revisions\/2940"}],"wp:featuredmedia":[{"embeddable":true,"href":"https:\/\/wigstore-nzk.com\/en\/wp-json\/wp\/v2\/media\/325"}],"wp:attachment":[{"href":"https:\/\/wigstore-nzk.com\/en\/wp-json\/wp\/v2\/media?parent=349"}],"wp:term":[{"taxonomy":"product_brand","embeddable":true,"href":"https:\/\/wigstore-nzk.com\/en\/wp-json\/wp\/v2\/product_brand?post=349"},{"taxonomy":"product_cat","embeddable":true,"href":"https:\/\/wigstore-nzk.com\/en\/wp-json\/wp\/v2\/product_cat?post=349"},{"taxonomy":"product_tag","embeddable":true,"href":"https:\/\/wigstore-nzk.com\/en\/wp-json\/wp\/v2\/product_tag?post=349"}],"curies":[{"name":"wp","href":"https:\/\/api.w.org\/{rel}","templated":true}]}}