{"id":970,"date":"2025-02-10T21:41:04","date_gmt":"2025-02-10T20:41:04","guid":{"rendered":"https:\/\/wigstore-nzk.com\/?post_type=product&#038;p=970"},"modified":"2025-11-25T14:32:29","modified_gmt":"2025-11-25T13:32:29","slug":"metalowe-spinki-4-5-cm","status":"publish","type":"product","link":"https:\/\/wigstore-nzk.com\/en\/product\/metalowe-spinki-4-5-cm\/","title":{"rendered":"Metalowe spinki 4.5 cm nr. 15"},"content":{"rendered":"<p><strong>Metalowe spinki 4.5 cm<\/strong><\/p>\n<p>&nbsp;<\/p>\n<p>Profesjonalne metalowe spinki o d\u0142ugo\u015bci 4,5 cm to niezast\u0105pione akcesorium do stylizacji w\u0142os\u00f3w. Wykonane z wysokiej jako\u015bci stali nierdzewnej, zapewniaj\u0105 trwa\u0142o\u015b\u0107 i mocny chwyt, nie niszcz\u0105c przy tym w\u0142os\u00f3w. Idealne do u\u017cytku w salonach fryzjerskich oraz do codziennej stylizacji w domu. Dzi\u0119ki precyzyjnemu mechanizmowi zatrzaskowemu spinki stabilnie utrzymuj\u0105 pasma w\u0142os\u00f3w, u\u0142atwiaj\u0105c modelowanie fryzur.<\/p>\n<p>&nbsp;<\/p>\n<p><strong>Cechy produktu:<\/strong><br \/>\n\u2705\u00a0D\u0142ugo\u015b\u0107: 4,5 cm<br \/>\n\u2705\u00a0Materia\u0142: stal nierdzewna<br \/>\n\u2705\u00a0Mocny chwyt bez wyrywania w\u0142os\u00f3w<br \/>\n\u2705\u00a0Idealne do stylizacji fryzur, tworzenia tresek<\/p>\n<p>&nbsp;<\/p>\n<p>Sprawdz\u0105 si\u0119 zar\u00f3wno do u\u017cytku profesjonalnego, jak i domowego. Niezb\u0119dny dodatek do ka\u017cdego zestawu fryzjerskiego!<\/p>","protected":false},"excerpt":{"rendered":"<p>Wytrzyma\u0142e i praktyczne metalowe spinki do w\u0142os\u00f3w o d\u0142ugo\u015bci 4,5 cm. Wykonane ze stali nierdzewnej, zapewniaj\u0105 mocny chwyt i wygod\u0119 u\u017cytkowania. Idealne do stylizacji, modelowania i utrwalania fryzur. Zestaw zawiera 24 sztuki \u2013 doskona\u0142e zar\u00f3wno do u\u017cytku profesjonalnego, jak i domowego!<\/p>","protected":false},"featured_media":971,"template":"","meta":[],"product_brand":[],"product_cat":[28,38],"product_tag":[324,68,70,69,323],"class_list":{"0":"post-970","1":"product","2":"type-product","3":"status-publish","4":"has-post-thumbnail","6":"product_cat-akcesoria","7":"product_cat-spinki-i-wsuwki-do-wlosow","8":"product_tag-metalowe-spinki-do-wlosow-4-5cm","9":"product_tag-metalowe-spinki-do-wlosow-9cm","10":"product_tag-mocne-spinki-do-wlosow","11":"product_tag-spinki-fryzjerskie-metalowe","12":"product_tag-spinki-metalowe-4-5cm","14":"first","15":"instock","16":"taxable","17":"shipping-taxable","18":"purchasable","19":"product-type-simple"},"yoast_head":"<!-- This site is optimized with the Yoast SEO Premium plugin v24.5 (Yoast SEO v27.5) - https:\/\/yoast.com\/product\/yoast-seo-premium-wordpress\/ -->\n<title>Metalowe spinki 4.5 cm nr. 15 - NZK-Wigstore<\/title>\n<meta name=\"description\" content=\"Profesjonalne metalowe spinki o d\u0142ugo\u015bci 4,5 cm to niezast\u0105pione akcesorium do stylizacji w\u0142os\u00f3w. Wykonane z wysokiej jako\u015bci stali nierdzewnej, zapewniaj\u0105 trwa\u0142o\u015b\u0107 i mocny chwyt, nie niszcz\u0105c przy tym w\u0142os\u00f3w. Idealne do u\u017cytku w salonach fryzjerskich oraz do codziennej stylizacji w domu. Dzi\u0119ki precyzyjnemu mechanizmowi zatrzaskowemu spinki stabilnie utrzymuj\u0105 pasma w\u0142os\u00f3w, u\u0142atwiaj\u0105c modelowanie fryzur.\" \/>\n<meta name=\"robots\" content=\"index, follow, max-snippet:-1, max-image-preview:large, max-video-preview:-1\" \/>\n<link rel=\"canonical\" href=\"https:\/\/wigstore-nzk.com\/en\/product\/metalowe-spinki-4-5-cm\/\" \/>\n<meta property=\"og:locale\" content=\"en_US\" \/>\n<meta property=\"og:type\" content=\"article\" \/>\n<meta property=\"og:title\" content=\"Metalowe spinki 4.5 cm nr. 15\" \/>\n<meta property=\"og:description\" content=\"Profesjonalne metalowe spinki o d\u0142ugo\u015bci 4,5 cm to niezast\u0105pione akcesorium do stylizacji w\u0142os\u00f3w. Wykonane z wysokiej jako\u015bci stali nierdzewnej, zapewniaj\u0105 trwa\u0142o\u015b\u0107 i mocny chwyt, nie niszcz\u0105c przy tym w\u0142os\u00f3w. Idealne do u\u017cytku w salonach fryzjerskich oraz do codziennej stylizacji w domu. Dzi\u0119ki precyzyjnemu mechanizmowi zatrzaskowemu spinki stabilnie utrzymuj\u0105 pasma w\u0142os\u00f3w, u\u0142atwiaj\u0105c modelowanie fryzur.\" \/>\n<meta property=\"og:url\" content=\"https:\/\/wigstore-nzk.com\/en\/product\/metalowe-spinki-4-5-cm\/\" \/>\n<meta property=\"og:site_name\" content=\"NZK-Wigstore\" \/>\n<meta property=\"article:modified_time\" content=\"2025-11-25T13:32:29+00:00\" \/>\n<meta property=\"og:image\" content=\"https:\/\/wigstore-nzk.com\/wp-content\/uploads\/2025\/02\/Klipsy_01_front.png\" \/>\n\t<meta property=\"og:image:width\" content=\"940\" \/>\n\t<meta property=\"og:image:height\" content=\"788\" \/>\n\t<meta property=\"og:image:type\" content=\"image\/png\" \/>\n<meta name=\"twitter:card\" content=\"summary_large_image\" \/>\n<meta name=\"twitter:label1\" content=\"Est. reading time\" \/>\n\t<meta name=\"twitter:data1\" content=\"1 minute\" \/>\n<script type=\"application\/ld+json\" class=\"yoast-schema-graph\">{\"@context\":\"https:\\\/\\\/schema.org\",\"@graph\":[{\"@type\":\"WebPage\",\"@id\":\"https:\\\/\\\/wigstore-nzk.com\\\/produkt\\\/metalowe-spinki-4-5-cm\\\/\",\"url\":\"https:\\\/\\\/wigstore-nzk.com\\\/produkt\\\/metalowe-spinki-4-5-cm\\\/\",\"name\":\"Metalowe spinki 4.5 cm nr. 15 - NZK-Wigstore\",\"isPartOf\":{\"@id\":\"https:\\\/\\\/wigstore-nzk.com\\\/#website\"},\"primaryImageOfPage\":{\"@id\":\"https:\\\/\\\/wigstore-nzk.com\\\/produkt\\\/metalowe-spinki-4-5-cm\\\/#primaryimage\"},\"image\":{\"@id\":\"https:\\\/\\\/wigstore-nzk.com\\\/produkt\\\/metalowe-spinki-4-5-cm\\\/#primaryimage\"},\"thumbnailUrl\":\"https:\\\/\\\/wigstore-nzk.com\\\/wp-content\\\/uploads\\\/2025\\\/02\\\/Klipsy_01_front.png\",\"datePublished\":\"2025-02-10T20:41:04+00:00\",\"dateModified\":\"2025-11-25T13:32:29+00:00\",\"description\":\"Profesjonalne metalowe spinki o d\u0142ugo\u015bci 4,5 cm to niezast\u0105pione akcesorium do stylizacji w\u0142os\u00f3w. Wykonane z wysokiej jako\u015bci stali nierdzewnej, zapewniaj\u0105 trwa\u0142o\u015b\u0107 i mocny chwyt, nie niszcz\u0105c przy tym w\u0142os\u00f3w. Idealne do u\u017cytku w salonach fryzjerskich oraz do codziennej stylizacji w domu. Dzi\u0119ki precyzyjnemu mechanizmowi zatrzaskowemu spinki stabilnie utrzymuj\u0105 pasma w\u0142os\u00f3w, u\u0142atwiaj\u0105c modelowanie fryzur.\",\"breadcrumb\":{\"@id\":\"https:\\\/\\\/wigstore-nzk.com\\\/produkt\\\/metalowe-spinki-4-5-cm\\\/#breadcrumb\"},\"inLanguage\":\"en-US\",\"potentialAction\":[{\"@type\":\"ReadAction\",\"target\":[\"https:\\\/\\\/wigstore-nzk.com\\\/produkt\\\/metalowe-spinki-4-5-cm\\\/\"]}]},{\"@type\":\"ImageObject\",\"inLanguage\":\"en-US\",\"@id\":\"https:\\\/\\\/wigstore-nzk.com\\\/produkt\\\/metalowe-spinki-4-5-cm\\\/#primaryimage\",\"url\":\"https:\\\/\\\/wigstore-nzk.com\\\/wp-content\\\/uploads\\\/2025\\\/02\\\/Klipsy_01_front.png\",\"contentUrl\":\"https:\\\/\\\/wigstore-nzk.com\\\/wp-content\\\/uploads\\\/2025\\\/02\\\/Klipsy_01_front.png\",\"width\":940,\"height\":788},{\"@type\":\"BreadcrumbList\",\"@id\":\"https:\\\/\\\/wigstore-nzk.com\\\/produkt\\\/metalowe-spinki-4-5-cm\\\/#breadcrumb\",\"itemListElement\":[{\"@type\":\"ListItem\",\"position\":1,\"name\":\"Strona g\u0142\u00f3wna\",\"item\":\"https:\\\/\\\/wigstore-nzk.com\\\/\"},{\"@type\":\"ListItem\",\"position\":2,\"name\":\"Sklep\",\"item\":\"https:\\\/\\\/wigstore-nzk.com\\\/sklep\\\/\"},{\"@type\":\"ListItem\",\"position\":3,\"name\":\"Metalowe spinki 4.5 cm nr. 15\"}]},{\"@type\":\"WebSite\",\"@id\":\"https:\\\/\\\/wigstore-nzk.com\\\/#website\",\"url\":\"https:\\\/\\\/wigstore-nzk.com\\\/\",\"name\":\"NZK-Wigstore\",\"description\":\"\",\"potentialAction\":[{\"@type\":\"SearchAction\",\"target\":{\"@type\":\"EntryPoint\",\"urlTemplate\":\"https:\\\/\\\/wigstore-nzk.com\\\/?s={search_term_string}\"},\"query-input\":{\"@type\":\"PropertyValueSpecification\",\"valueRequired\":true,\"valueName\":\"search_term_string\"}}],\"inLanguage\":\"en-US\"}]}<\/script>\n<!-- \/ Yoast SEO Premium plugin. -->","yoast_head_json":{"title":"Metalowe spinki 4.5 cm nr. 15 - NZK-Wigstore","description":"Profesjonalne metalowe spinki o d\u0142ugo\u015bci 4,5 cm to niezast\u0105pione akcesorium do stylizacji w\u0142os\u00f3w. Wykonane z wysokiej jako\u015bci stali nierdzewnej, zapewniaj\u0105 trwa\u0142o\u015b\u0107 i mocny chwyt, nie niszcz\u0105c przy tym w\u0142os\u00f3w. Idealne do u\u017cytku w salonach fryzjerskich oraz do codziennej stylizacji w domu. Dzi\u0119ki precyzyjnemu mechanizmowi zatrzaskowemu spinki stabilnie utrzymuj\u0105 pasma w\u0142os\u00f3w, u\u0142atwiaj\u0105c modelowanie fryzur.","robots":{"index":"index","follow":"follow","max-snippet":"max-snippet:-1","max-image-preview":"max-image-preview:large","max-video-preview":"max-video-preview:-1"},"canonical":"https:\/\/wigstore-nzk.com\/en\/product\/metalowe-spinki-4-5-cm\/","og_locale":"en_US","og_type":"article","og_title":"Metalowe spinki 4.5 cm nr. 15","og_description":"Profesjonalne metalowe spinki o d\u0142ugo\u015bci 4,5 cm to niezast\u0105pione akcesorium do stylizacji w\u0142os\u00f3w. Wykonane z wysokiej jako\u015bci stali nierdzewnej, zapewniaj\u0105 trwa\u0142o\u015b\u0107 i mocny chwyt, nie niszcz\u0105c przy tym w\u0142os\u00f3w. Idealne do u\u017cytku w salonach fryzjerskich oraz do codziennej stylizacji w domu. Dzi\u0119ki precyzyjnemu mechanizmowi zatrzaskowemu spinki stabilnie utrzymuj\u0105 pasma w\u0142os\u00f3w, u\u0142atwiaj\u0105c modelowanie fryzur.","og_url":"https:\/\/wigstore-nzk.com\/en\/product\/metalowe-spinki-4-5-cm\/","og_site_name":"NZK-Wigstore","article_modified_time":"2025-11-25T13:32:29+00:00","og_image":[{"width":940,"height":788,"url":"https:\/\/wigstore-nzk.com\/wp-content\/uploads\/2025\/02\/Klipsy_01_front.png","type":"image\/png"}],"twitter_card":"summary_large_image","twitter_misc":{"Est. reading time":"1 minute"},"schema":{"@context":"https:\/\/schema.org","@graph":[{"@type":"WebPage","@id":"https:\/\/wigstore-nzk.com\/produkt\/metalowe-spinki-4-5-cm\/","url":"https:\/\/wigstore-nzk.com\/produkt\/metalowe-spinki-4-5-cm\/","name":"Metalowe spinki 4.5 cm nr. 15 - NZK-Wigstore","isPartOf":{"@id":"https:\/\/wigstore-nzk.com\/#website"},"primaryImageOfPage":{"@id":"https:\/\/wigstore-nzk.com\/produkt\/metalowe-spinki-4-5-cm\/#primaryimage"},"image":{"@id":"https:\/\/wigstore-nzk.com\/produkt\/metalowe-spinki-4-5-cm\/#primaryimage"},"thumbnailUrl":"https:\/\/wigstore-nzk.com\/wp-content\/uploads\/2025\/02\/Klipsy_01_front.png","datePublished":"2025-02-10T20:41:04+00:00","dateModified":"2025-11-25T13:32:29+00:00","description":"Profesjonalne metalowe spinki o d\u0142ugo\u015bci 4,5 cm to niezast\u0105pione akcesorium do stylizacji w\u0142os\u00f3w. Wykonane z wysokiej jako\u015bci stali nierdzewnej, zapewniaj\u0105 trwa\u0142o\u015b\u0107 i mocny chwyt, nie niszcz\u0105c przy tym w\u0142os\u00f3w. Idealne do u\u017cytku w salonach fryzjerskich oraz do codziennej stylizacji w domu. Dzi\u0119ki precyzyjnemu mechanizmowi zatrzaskowemu spinki stabilnie utrzymuj\u0105 pasma w\u0142os\u00f3w, u\u0142atwiaj\u0105c modelowanie fryzur.","breadcrumb":{"@id":"https:\/\/wigstore-nzk.com\/produkt\/metalowe-spinki-4-5-cm\/#breadcrumb"},"inLanguage":"en-US","potentialAction":[{"@type":"ReadAction","target":["https:\/\/wigstore-nzk.com\/produkt\/metalowe-spinki-4-5-cm\/"]}]},{"@type":"ImageObject","inLanguage":"en-US","@id":"https:\/\/wigstore-nzk.com\/produkt\/metalowe-spinki-4-5-cm\/#primaryimage","url":"https:\/\/wigstore-nzk.com\/wp-content\/uploads\/2025\/02\/Klipsy_01_front.png","contentUrl":"https:\/\/wigstore-nzk.com\/wp-content\/uploads\/2025\/02\/Klipsy_01_front.png","width":940,"height":788},{"@type":"BreadcrumbList","@id":"https:\/\/wigstore-nzk.com\/produkt\/metalowe-spinki-4-5-cm\/#breadcrumb","itemListElement":[{"@type":"ListItem","position":1,"name":"Strona g\u0142\u00f3wna","item":"https:\/\/wigstore-nzk.com\/"},{"@type":"ListItem","position":2,"name":"Sklep","item":"https:\/\/wigstore-nzk.com\/sklep\/"},{"@type":"ListItem","position":3,"name":"Metalowe spinki 4.5 cm nr. 15"}]},{"@type":"WebSite","@id":"https:\/\/wigstore-nzk.com\/#website","url":"https:\/\/wigstore-nzk.com\/","name":"NZK-Wigstore","description":"","potentialAction":[{"@type":"SearchAction","target":{"@type":"EntryPoint","urlTemplate":"https:\/\/wigstore-nzk.com\/?s={search_term_string}"},"query-input":{"@type":"PropertyValueSpecification","valueRequired":true,"valueName":"search_term_string"}}],"inLanguage":"en-US"}]}},"_links":{"self":[{"href":"https:\/\/wigstore-nzk.com\/en\/wp-json\/wp\/v2\/product\/970","targetHints":{"allow":["GET"]}}],"collection":[{"href":"https:\/\/wigstore-nzk.com\/en\/wp-json\/wp\/v2\/product"}],"about":[{"href":"https:\/\/wigstore-nzk.com\/en\/wp-json\/wp\/v2\/types\/product"}],"version-history":[{"count":9,"href":"https:\/\/wigstore-nzk.com\/en\/wp-json\/wp\/v2\/product\/970\/revisions"}],"predecessor-version":[{"id":1983,"href":"https:\/\/wigstore-nzk.com\/en\/wp-json\/wp\/v2\/product\/970\/revisions\/1983"}],"wp:featuredmedia":[{"embeddable":true,"href":"https:\/\/wigstore-nzk.com\/en\/wp-json\/wp\/v2\/media\/971"}],"wp:attachment":[{"href":"https:\/\/wigstore-nzk.com\/en\/wp-json\/wp\/v2\/media?parent=970"}],"wp:term":[{"taxonomy":"product_brand","embeddable":true,"href":"https:\/\/wigstore-nzk.com\/en\/wp-json\/wp\/v2\/product_brand?post=970"},{"taxonomy":"product_cat","embeddable":true,"href":"https:\/\/wigstore-nzk.com\/en\/wp-json\/wp\/v2\/product_cat?post=970"},{"taxonomy":"product_tag","embeddable":true,"href":"https:\/\/wigstore-nzk.com\/en\/wp-json\/wp\/v2\/product_tag?post=970"}],"curies":[{"name":"wp","href":"https:\/\/api.w.org\/{rel}","templated":true}]}}