{"id":995,"date":"2025-02-11T22:07:06","date_gmt":"2025-02-11T21:07:06","guid":{"rendered":"https:\/\/wigstore-nzk.com\/?post_type=product&#038;p=995"},"modified":"2025-11-25T14:30:11","modified_gmt":"2025-11-25T13:30:11","slug":"stojak-na-peruke-01","status":"publish","type":"product","link":"https:\/\/wigstore-nzk.com\/en\/product\/stojak-na-peruke-01\/","title":{"rendered":"Stojak na peruk\u0119 01 nr SNPER.18"},"content":{"rendered":"<p data-start=\"41\" data-end=\"432\">Stylowy i funkcjonalny <strong data-start=\"64\" data-end=\"84\">stojak na peruk\u0119<\/strong> w unikalnym kszta\u0142cie przypominaj\u0105cym lampk\u0119. Wykonany z wysokiej jako\u015bci materia\u0142\u00f3w, zapewnia stabilno\u015b\u0107 i odpowiednie podparcie dla peruk, chroni\u0105c ich kszta\u0142t i struktur\u0119. Kompaktowy design oraz wysoko\u015b\u0107 <strong data-start=\"292\" data-end=\"301\">20 cm<\/strong> sprawiaj\u0105, \u017ce idealnie nadaje si\u0119 do przechowywania i ekspozycji peruk zar\u00f3wno w salonach fryzjerskich, jak i w domowym zaciszu.<\/p>\n<h3 data-start=\"434\" data-end=\"459\"><strong data-start=\"438\" data-end=\"457\">Cechy produktu:<\/strong><\/h3>\n<p>&nbsp;<\/p>\n<p data-start=\"460\" data-end=\"716\">\u2714 <strong data-start=\"462\" data-end=\"475\">Wysoko\u015b\u0107:<\/strong> 20 cm<br data-start=\"481\" data-end=\"484\" \/>\u2714 <strong data-start=\"486\" data-end=\"516\">Kszta\u0142t inspirowany lampk\u0105<\/strong> \u2013 estetyczny i praktyczny<br data-start=\"542\" data-end=\"545\" \/>\u2714 <strong data-start=\"547\" data-end=\"568\">Stabilna podstawa<\/strong> \u2013 pewne podparcie dla peruki<br data-start=\"597\" data-end=\"600\" \/>\u2714 <strong data-start=\"602\" data-end=\"629\">Ochrona kszta\u0142tu peruki<\/strong> \u2013 zapobiega deformacjom<br data-start=\"653\" data-end=\"656\" \/>\u2714 <strong data-start=\"658\" data-end=\"714\">Idealny do salon\u00f3w fryzjerskich oraz u\u017cytku domowego<\/strong><\/p>\n<p data-start=\"718\" data-end=\"902\" data-is-last-node=\"\">Elegancki i minimalistyczny wygl\u0105d sprawia, \u017ce stojak doskonale komponuje si\u0119 z ka\u017cdym wn\u0119trzem. Niezb\u0119dny dodatek dla ka\u017cdego, kto chce odpowiednio przechowywa\u0107 i dba\u0107 o swoje peruki!<\/p>","protected":false},"excerpt":{"rendered":"<p>Czarny stojak na peruk\u0119 w kszta\u0142cie lampki<\/p>","protected":false},"featured_media":996,"template":"","meta":[],"product_brand":[],"product_cat":[28,35],"product_tag":[288],"class_list":{"0":"post-995","1":"product","2":"type-product","3":"status-publish","4":"has-post-thumbnail","6":"product_cat-akcesoria","7":"product_cat-glowki-i-uchwyty-na-peruke","8":"product_tag-akcesoria-do-peruk","10":"first","11":"instock","12":"taxable","13":"shipping-taxable","14":"purchasable","15":"product-type-simple"},"yoast_head":"<!-- This site is optimized with the Yoast SEO Premium plugin v24.5 (Yoast SEO v27.5) - https:\/\/yoast.com\/product\/yoast-seo-premium-wordpress\/ -->\n<title>Stojak na peruk\u0119 01 nr SNPER.18 - NZK-Wigstore<\/title>\n<meta name=\"description\" content=\"Stylowy i funkcjonalny stojak na peruk\u0119 w unikalnym kszta\u0142cie przypominaj\u0105cym lampk\u0119. Wykonany z wysokiej jako\u015bci materia\u0142\u00f3w, zapewnia stabilno\u015b\u0107 i odpowiednie podparcie dla peruk, chroni\u0105c ich kszta\u0142t i struktur\u0119. Kompaktowy design oraz wysoko\u015b\u0107 20 cm sprawiaj\u0105, \u017ce idealnie nadaje si\u0119 do przechowywania i ekspozycji peruk zar\u00f3wno w salonach fryzjerskich, jak i w domowym zaciszu.\" \/>\n<meta name=\"robots\" content=\"index, follow, max-snippet:-1, max-image-preview:large, max-video-preview:-1\" \/>\n<link rel=\"canonical\" href=\"https:\/\/wigstore-nzk.com\/en\/product\/stojak-na-peruke-01\/\" \/>\n<meta property=\"og:locale\" content=\"en_US\" \/>\n<meta property=\"og:type\" content=\"article\" \/>\n<meta property=\"og:title\" content=\"Stojak na peruk\u0119 01 nr SNPER.18\" \/>\n<meta property=\"og:description\" content=\"Stylowy i funkcjonalny stojak na peruk\u0119 w unikalnym kszta\u0142cie przypominaj\u0105cym lampk\u0119. Wykonany z wysokiej jako\u015bci materia\u0142\u00f3w, zapewnia stabilno\u015b\u0107 i odpowiednie podparcie dla peruk, chroni\u0105c ich kszta\u0142t i struktur\u0119. Kompaktowy design oraz wysoko\u015b\u0107 20 cm sprawiaj\u0105, \u017ce idealnie nadaje si\u0119 do przechowywania i ekspozycji peruk zar\u00f3wno w salonach fryzjerskich, jak i w domowym zaciszu.\" \/>\n<meta property=\"og:url\" content=\"https:\/\/wigstore-nzk.com\/en\/product\/stojak-na-peruke-01\/\" \/>\n<meta property=\"og:site_name\" content=\"NZK-Wigstore\" \/>\n<meta property=\"article:modified_time\" content=\"2025-11-25T13:30:11+00:00\" \/>\n<meta property=\"og:image\" content=\"https:\/\/wigstore-nzk.com\/wp-content\/uploads\/2025\/02\/c802cdfc-857c-435e-b534-70a6dca27d99-e1739307888143.png\" \/>\n\t<meta property=\"og:image:width\" content=\"1024\" \/>\n\t<meta property=\"og:image:height\" content=\"1365\" \/>\n\t<meta property=\"og:image:type\" content=\"image\/png\" \/>\n<meta name=\"twitter:card\" content=\"summary_large_image\" \/>\n<meta name=\"twitter:label1\" content=\"Est. reading time\" \/>\n\t<meta name=\"twitter:data1\" content=\"1 minute\" \/>\n<script type=\"application\/ld+json\" class=\"yoast-schema-graph\">{\"@context\":\"https:\\\/\\\/schema.org\",\"@graph\":[{\"@type\":\"WebPage\",\"@id\":\"https:\\\/\\\/wigstore-nzk.com\\\/produkt\\\/stojak-na-peruke-01\\\/\",\"url\":\"https:\\\/\\\/wigstore-nzk.com\\\/produkt\\\/stojak-na-peruke-01\\\/\",\"name\":\"Stojak na peruk\u0119 01 nr SNPER.18 - NZK-Wigstore\",\"isPartOf\":{\"@id\":\"https:\\\/\\\/wigstore-nzk.com\\\/#website\"},\"primaryImageOfPage\":{\"@id\":\"https:\\\/\\\/wigstore-nzk.com\\\/produkt\\\/stojak-na-peruke-01\\\/#primaryimage\"},\"image\":{\"@id\":\"https:\\\/\\\/wigstore-nzk.com\\\/produkt\\\/stojak-na-peruke-01\\\/#primaryimage\"},\"thumbnailUrl\":\"https:\\\/\\\/wigstore-nzk.com\\\/wp-content\\\/uploads\\\/2025\\\/02\\\/c802cdfc-857c-435e-b534-70a6dca27d99-e1739307888143.png\",\"datePublished\":\"2025-02-11T21:07:06+00:00\",\"dateModified\":\"2025-11-25T13:30:11+00:00\",\"description\":\"Stylowy i funkcjonalny stojak na peruk\u0119 w unikalnym kszta\u0142cie przypominaj\u0105cym lampk\u0119. Wykonany z wysokiej jako\u015bci materia\u0142\u00f3w, zapewnia stabilno\u015b\u0107 i odpowiednie podparcie dla peruk, chroni\u0105c ich kszta\u0142t i struktur\u0119. Kompaktowy design oraz wysoko\u015b\u0107 20 cm sprawiaj\u0105, \u017ce idealnie nadaje si\u0119 do przechowywania i ekspozycji peruk zar\u00f3wno w salonach fryzjerskich, jak i w domowym zaciszu.\",\"breadcrumb\":{\"@id\":\"https:\\\/\\\/wigstore-nzk.com\\\/produkt\\\/stojak-na-peruke-01\\\/#breadcrumb\"},\"inLanguage\":\"en-US\",\"potentialAction\":[{\"@type\":\"ReadAction\",\"target\":[\"https:\\\/\\\/wigstore-nzk.com\\\/produkt\\\/stojak-na-peruke-01\\\/\"]}]},{\"@type\":\"ImageObject\",\"inLanguage\":\"en-US\",\"@id\":\"https:\\\/\\\/wigstore-nzk.com\\\/produkt\\\/stojak-na-peruke-01\\\/#primaryimage\",\"url\":\"https:\\\/\\\/wigstore-nzk.com\\\/wp-content\\\/uploads\\\/2025\\\/02\\\/c802cdfc-857c-435e-b534-70a6dca27d99-e1739307888143.png\",\"contentUrl\":\"https:\\\/\\\/wigstore-nzk.com\\\/wp-content\\\/uploads\\\/2025\\\/02\\\/c802cdfc-857c-435e-b534-70a6dca27d99-e1739307888143.png\",\"width\":1024,\"height\":1365},{\"@type\":\"BreadcrumbList\",\"@id\":\"https:\\\/\\\/wigstore-nzk.com\\\/produkt\\\/stojak-na-peruke-01\\\/#breadcrumb\",\"itemListElement\":[{\"@type\":\"ListItem\",\"position\":1,\"name\":\"Strona g\u0142\u00f3wna\",\"item\":\"https:\\\/\\\/wigstore-nzk.com\\\/\"},{\"@type\":\"ListItem\",\"position\":2,\"name\":\"Sklep\",\"item\":\"https:\\\/\\\/wigstore-nzk.com\\\/sklep\\\/\"},{\"@type\":\"ListItem\",\"position\":3,\"name\":\"Stojak na peruk\u0119 01 nr SNPER.18\"}]},{\"@type\":\"WebSite\",\"@id\":\"https:\\\/\\\/wigstore-nzk.com\\\/#website\",\"url\":\"https:\\\/\\\/wigstore-nzk.com\\\/\",\"name\":\"NZK-Wigstore\",\"description\":\"\",\"potentialAction\":[{\"@type\":\"SearchAction\",\"target\":{\"@type\":\"EntryPoint\",\"urlTemplate\":\"https:\\\/\\\/wigstore-nzk.com\\\/?s={search_term_string}\"},\"query-input\":{\"@type\":\"PropertyValueSpecification\",\"valueRequired\":true,\"valueName\":\"search_term_string\"}}],\"inLanguage\":\"en-US\"}]}<\/script>\n<!-- \/ Yoast SEO Premium plugin. -->","yoast_head_json":{"title":"Stojak na peruk\u0119 01 nr SNPER.18 - NZK-Wigstore","description":"Stylowy i funkcjonalny stojak na peruk\u0119 w unikalnym kszta\u0142cie przypominaj\u0105cym lampk\u0119. Wykonany z wysokiej jako\u015bci materia\u0142\u00f3w, zapewnia stabilno\u015b\u0107 i odpowiednie podparcie dla peruk, chroni\u0105c ich kszta\u0142t i struktur\u0119. Kompaktowy design oraz wysoko\u015b\u0107 20 cm sprawiaj\u0105, \u017ce idealnie nadaje si\u0119 do przechowywania i ekspozycji peruk zar\u00f3wno w salonach fryzjerskich, jak i w domowym zaciszu.","robots":{"index":"index","follow":"follow","max-snippet":"max-snippet:-1","max-image-preview":"max-image-preview:large","max-video-preview":"max-video-preview:-1"},"canonical":"https:\/\/wigstore-nzk.com\/en\/product\/stojak-na-peruke-01\/","og_locale":"en_US","og_type":"article","og_title":"Stojak na peruk\u0119 01 nr SNPER.18","og_description":"Stylowy i funkcjonalny stojak na peruk\u0119 w unikalnym kszta\u0142cie przypominaj\u0105cym lampk\u0119. Wykonany z wysokiej jako\u015bci materia\u0142\u00f3w, zapewnia stabilno\u015b\u0107 i odpowiednie podparcie dla peruk, chroni\u0105c ich kszta\u0142t i struktur\u0119. Kompaktowy design oraz wysoko\u015b\u0107 20 cm sprawiaj\u0105, \u017ce idealnie nadaje si\u0119 do przechowywania i ekspozycji peruk zar\u00f3wno w salonach fryzjerskich, jak i w domowym zaciszu.","og_url":"https:\/\/wigstore-nzk.com\/en\/product\/stojak-na-peruke-01\/","og_site_name":"NZK-Wigstore","article_modified_time":"2025-11-25T13:30:11+00:00","og_image":[{"width":1024,"height":1365,"url":"https:\/\/wigstore-nzk.com\/wp-content\/uploads\/2025\/02\/c802cdfc-857c-435e-b534-70a6dca27d99-e1739307888143.png","type":"image\/png"}],"twitter_card":"summary_large_image","twitter_misc":{"Est. reading time":"1 minute"},"schema":{"@context":"https:\/\/schema.org","@graph":[{"@type":"WebPage","@id":"https:\/\/wigstore-nzk.com\/produkt\/stojak-na-peruke-01\/","url":"https:\/\/wigstore-nzk.com\/produkt\/stojak-na-peruke-01\/","name":"Stojak na peruk\u0119 01 nr SNPER.18 - NZK-Wigstore","isPartOf":{"@id":"https:\/\/wigstore-nzk.com\/#website"},"primaryImageOfPage":{"@id":"https:\/\/wigstore-nzk.com\/produkt\/stojak-na-peruke-01\/#primaryimage"},"image":{"@id":"https:\/\/wigstore-nzk.com\/produkt\/stojak-na-peruke-01\/#primaryimage"},"thumbnailUrl":"https:\/\/wigstore-nzk.com\/wp-content\/uploads\/2025\/02\/c802cdfc-857c-435e-b534-70a6dca27d99-e1739307888143.png","datePublished":"2025-02-11T21:07:06+00:00","dateModified":"2025-11-25T13:30:11+00:00","description":"Stylowy i funkcjonalny stojak na peruk\u0119 w unikalnym kszta\u0142cie przypominaj\u0105cym lampk\u0119. Wykonany z wysokiej jako\u015bci materia\u0142\u00f3w, zapewnia stabilno\u015b\u0107 i odpowiednie podparcie dla peruk, chroni\u0105c ich kszta\u0142t i struktur\u0119. Kompaktowy design oraz wysoko\u015b\u0107 20 cm sprawiaj\u0105, \u017ce idealnie nadaje si\u0119 do przechowywania i ekspozycji peruk zar\u00f3wno w salonach fryzjerskich, jak i w domowym zaciszu.","breadcrumb":{"@id":"https:\/\/wigstore-nzk.com\/produkt\/stojak-na-peruke-01\/#breadcrumb"},"inLanguage":"en-US","potentialAction":[{"@type":"ReadAction","target":["https:\/\/wigstore-nzk.com\/produkt\/stojak-na-peruke-01\/"]}]},{"@type":"ImageObject","inLanguage":"en-US","@id":"https:\/\/wigstore-nzk.com\/produkt\/stojak-na-peruke-01\/#primaryimage","url":"https:\/\/wigstore-nzk.com\/wp-content\/uploads\/2025\/02\/c802cdfc-857c-435e-b534-70a6dca27d99-e1739307888143.png","contentUrl":"https:\/\/wigstore-nzk.com\/wp-content\/uploads\/2025\/02\/c802cdfc-857c-435e-b534-70a6dca27d99-e1739307888143.png","width":1024,"height":1365},{"@type":"BreadcrumbList","@id":"https:\/\/wigstore-nzk.com\/produkt\/stojak-na-peruke-01\/#breadcrumb","itemListElement":[{"@type":"ListItem","position":1,"name":"Strona g\u0142\u00f3wna","item":"https:\/\/wigstore-nzk.com\/"},{"@type":"ListItem","position":2,"name":"Sklep","item":"https:\/\/wigstore-nzk.com\/sklep\/"},{"@type":"ListItem","position":3,"name":"Stojak na peruk\u0119 01 nr SNPER.18"}]},{"@type":"WebSite","@id":"https:\/\/wigstore-nzk.com\/#website","url":"https:\/\/wigstore-nzk.com\/","name":"NZK-Wigstore","description":"","potentialAction":[{"@type":"SearchAction","target":{"@type":"EntryPoint","urlTemplate":"https:\/\/wigstore-nzk.com\/?s={search_term_string}"},"query-input":{"@type":"PropertyValueSpecification","valueRequired":true,"valueName":"search_term_string"}}],"inLanguage":"en-US"}]}},"_links":{"self":[{"href":"https:\/\/wigstore-nzk.com\/en\/wp-json\/wp\/v2\/product\/995","targetHints":{"allow":["GET"]}}],"collection":[{"href":"https:\/\/wigstore-nzk.com\/en\/wp-json\/wp\/v2\/product"}],"about":[{"href":"https:\/\/wigstore-nzk.com\/en\/wp-json\/wp\/v2\/types\/product"}],"version-history":[{"count":8,"href":"https:\/\/wigstore-nzk.com\/en\/wp-json\/wp\/v2\/product\/995\/revisions"}],"predecessor-version":[{"id":1978,"href":"https:\/\/wigstore-nzk.com\/en\/wp-json\/wp\/v2\/product\/995\/revisions\/1978"}],"wp:featuredmedia":[{"embeddable":true,"href":"https:\/\/wigstore-nzk.com\/en\/wp-json\/wp\/v2\/media\/996"}],"wp:attachment":[{"href":"https:\/\/wigstore-nzk.com\/en\/wp-json\/wp\/v2\/media?parent=995"}],"wp:term":[{"taxonomy":"product_brand","embeddable":true,"href":"https:\/\/wigstore-nzk.com\/en\/wp-json\/wp\/v2\/product_brand?post=995"},{"taxonomy":"product_cat","embeddable":true,"href":"https:\/\/wigstore-nzk.com\/en\/wp-json\/wp\/v2\/product_cat?post=995"},{"taxonomy":"product_tag","embeddable":true,"href":"https:\/\/wigstore-nzk.com\/en\/wp-json\/wp\/v2\/product_tag?post=995"}],"curies":[{"name":"wp","href":"https:\/\/api.w.org\/{rel}","templated":true}]}}